{"id":1106,"date":"2021-02-24T19:37:03","date_gmt":"2021-02-24T19:37:03","guid":{"rendered":"https:\/\/www.mrpresta.com\/?page_id=1106"},"modified":"2021-02-24T19:37:03","modified_gmt":"2021-02-24T19:37:03","slug":"condusef","status":"publish","type":"page","link":"https:\/\/www.mrpresta.com\/en\/condusef\/","title":{"rendered":"Condusef"},"content":{"rendered":"<p>Comisi\u00f3n Nacional para la Protecci\u00f3n y Defensa de los Usuarios de Servicios Financieros<br>Call center<br>53-40-09-99<br>01-800-999-80-80<br><a href=\"http:\/\/www.condusef.gob.mx\">www.condusef.gob.mx<\/a><\/p>\n\n\n\n<p>SIPRES<br><a href=\"http:\/\/portal.condusef.gob.mx\/SIPRES\/jsp\/pub\/index.jsp#1\" target=\"_blank\" rel=\"noreferrer noopener\">http:\/\/portal.condusef.gob.mx\/SIPRES\/jsp\/pub\/index.jsp#1<\/a><\/p>","protected":false},"excerpt":{"rendered":"<p>Comisi\u00f3n Nacional para la Protecci\u00f3n y Defensa de los Usuarios de Servicios FinancierosCentro de Atenci\u00f3n Telef\u00f3nica53-40-09-9901-800-999-80-80www.condusef.gob.mx SIPREShttp:\/\/portal.condusef.gob.mx\/SIPRES\/jsp\/pub\/index.jsp#1 [&#8230;]<\/p>\n<p><a class=\"btn btn-secondary understrap-read-more-link\" href=\"https:\/\/www.mrpresta.com\/en\/condusef\/\">Read More&#8230;<\/a><\/p>","protected":false},"author":1,"featured_media":0,"parent":0,"menu_order":0,"comment_status":"closed","ping_status":"closed","template":"","meta":{"footnotes":""},"class_list":["post-1106","page","type-page","status-publish","hentry"],"_links":{"self":[{"href":"https:\/\/www.mrpresta.com\/en\/wp-json\/wp\/v2\/pages\/1106","targetHints":{"allow":["GET"]}}],"collection":[{"href":"https:\/\/www.mrpresta.com\/en\/wp-json\/wp\/v2\/pages"}],"about":[{"href":"https:\/\/www.mrpresta.com\/en\/wp-json\/wp\/v2\/types\/page"}],"author":[{"embeddable":true,"href":"https:\/\/www.mrpresta.com\/en\/wp-json\/wp\/v2\/users\/1"}],"replies":[{"embeddable":true,"href":"https:\/\/www.mrpresta.com\/en\/wp-json\/wp\/v2\/comments?post=1106"}],"version-history":[{"count":1,"href":"https:\/\/www.mrpresta.com\/en\/wp-json\/wp\/v2\/pages\/1106\/revisions"}],"predecessor-version":[{"id":1107,"href":"https:\/\/www.mrpresta.com\/en\/wp-json\/wp\/v2\/pages\/1106\/revisions\/1107"}],"wp:attachment":[{"href":"https:\/\/www.mrpresta.com\/en\/wp-json\/wp\/v2\/media?parent=1106"}],"curies":[{"name":"wp","href":"https:\/\/api.w.org\/{rel}","templated":true}]}}