{"id":1108,"date":"2021-02-24T19:37:40","date_gmt":"2021-02-24T19:37:40","guid":{"rendered":"https:\/\/www.mrpresta.com\/?page_id=1108"},"modified":"2021-02-24T19:37:40","modified_gmt":"2021-02-24T19:37:40","slug":"une","status":"publish","type":"page","link":"https:\/\/www.mrpresta.com\/en\/une\/","title":{"rendered":"UNE"},"content":{"rendered":"<p>Unidad Especializada de Atenci\u00f3n a Usuarios (UNE)<\/p>\n\n\n\n<p>Holder: Cecilia Mata<\/p>\n\n\n\n<p>Address: Avenida Ricardo Margain 575, Oficina 406<br>Colonia Parque Corporativo Santa Engracia<br>San Pedro Garza Garc\u00eda, 66267<\/p>\n\n\n\n<p>Phone: (81) 8000 7946<\/p>\n\n\n\n<p>E-mail: cmata@mrpresta.com<\/p>","protected":false},"excerpt":{"rendered":"<p>Unidad Especializada de Atenci\u00f3n a Usuarios (UNE) Titular: Cecilia Mata Direccion: Avenida Ricardo Margain 575, Oficina 406Colonia Parque Corporativo Santa EngraciaSan Pedro Garza Garc\u00eda, 66267 Tel\u00e9fono: (81) 8000 7946 Correo electr\u00f3nico: cmata@mrpresta.com [&#8230;]<\/p>\n<p><a class=\"btn btn-secondary understrap-read-more-link\" href=\"https:\/\/www.mrpresta.com\/en\/une\/\">Read More&#8230;<\/a><\/p>","protected":false},"author":1,"featured_media":0,"parent":0,"menu_order":0,"comment_status":"closed","ping_status":"closed","template":"","meta":{"footnotes":""},"class_list":["post-1108","page","type-page","status-publish","hentry"],"_links":{"self":[{"href":"https:\/\/www.mrpresta.com\/en\/wp-json\/wp\/v2\/pages\/1108","targetHints":{"allow":["GET"]}}],"collection":[{"href":"https:\/\/www.mrpresta.com\/en\/wp-json\/wp\/v2\/pages"}],"about":[{"href":"https:\/\/www.mrpresta.com\/en\/wp-json\/wp\/v2\/types\/page"}],"author":[{"embeddable":true,"href":"https:\/\/www.mrpresta.com\/en\/wp-json\/wp\/v2\/users\/1"}],"replies":[{"embeddable":true,"href":"https:\/\/www.mrpresta.com\/en\/wp-json\/wp\/v2\/comments?post=1108"}],"version-history":[{"count":1,"href":"https:\/\/www.mrpresta.com\/en\/wp-json\/wp\/v2\/pages\/1108\/revisions"}],"predecessor-version":[{"id":1109,"href":"https:\/\/www.mrpresta.com\/en\/wp-json\/wp\/v2\/pages\/1108\/revisions\/1109"}],"wp:attachment":[{"href":"https:\/\/www.mrpresta.com\/en\/wp-json\/wp\/v2\/media?parent=1108"}],"curies":[{"name":"wp","href":"https:\/\/api.w.org\/{rel}","templated":true}]}}