{"id":1453,"date":"2022-01-27T16:16:46","date_gmt":"2022-01-27T22:16:46","guid":{"rendered":"https:\/\/www.mrpresta.com\/?page_id=1453"},"modified":"2024-02-27T13:32:27","modified_gmt":"2024-02-27T19:32:27","slug":"calificacion-buro","status":"publish","type":"page","link":"https:\/\/www.mrpresta.com\/en\/calificacion-buro\/","title":{"rendered":"Calificaci\u00f3n buro"},"content":{"rendered":"<div data-elementor-type=\"wp-page\" data-elementor-id=\"1453\" class=\"elementor elementor-1453\" data-elementor-settings=\"[]\">\n\t\t\t\t\t\t\t<div class=\"elementor-section-wrap\">\n\t\t\t\t\t\t\t<section class=\"elementor-section elementor-top-section elementor-element elementor-element-80e2601 elementor-section-boxed elementor-section-height-default elementor-section-height-default\" data-id=\"80e2601\" data-element_type=\"section\">\n\t\t\t\t\t\t<div class=\"elementor-container elementor-column-gap-no\">\n\t\t\t\t\t<div class=\"elementor-column elementor-col-100 elementor-top-column elementor-element elementor-element-e6a4a48\" data-id=\"e6a4a48\" data-element_type=\"column\">\n\t\t\t<div class=\"elementor-widget-wrap elementor-element-populated\">\n\t\t\t\t\t\t\t\t<div class=\"elementor-element elementor-element-d5f6696 elementor-widget elementor-widget-text-editor\" data-id=\"d5f6696\" data-element_type=\"widget\" data-widget_type=\"text-editor.default\">\n\t\t\t\t<div class=\"elementor-widget-container\">\n\t\t\t\t\t<div class=\"elementor-text-editor elementor-clearfix\"><h2>Conoce nuestra calificaci\u00f3n<\/h2><p>\u00a0<\/p><p>Esta informaci\u00f3n corresponde \u00fanicamente a MR Presta S.A de C.V., SOFOM, E.N.R. Para conocer la informaci\u00f3n de todo el sector, se podr\u00e1 acceder al sitio <a href=\"http:\/\/www.buro.gob.mx\/\">http:\/\/www.buro.gob.mx\/<\/a>.<\/p><\/div>\n\t\t\t\t<\/div>\n\t\t\t\t<\/div>\n\t\t\t\t\t<\/div>\n\t\t<\/div>\n\t\t\t\t\t\t\t<\/div>\n\t\t<\/section>\n\t\t\t\t<section class=\"elementor-section elementor-top-section elementor-element elementor-element-7008188 elementor-section-boxed elementor-section-height-default elementor-section-height-default\" data-id=\"7008188\" data-element_type=\"section\">\n\t\t\t\t\t\t<div class=\"elementor-container elementor-column-gap-no\">\n\t\t\t\t\t<div class=\"elementor-column elementor-col-100 elementor-top-column elementor-element elementor-element-fc0bf2b\" data-id=\"fc0bf2b\" data-element_type=\"column\">\n\t\t\t<div class=\"elementor-widget-wrap elementor-element-populated\">\n\t\t\t\t\t\t\t\t<div class=\"elementor-element elementor-element-41887ad elementor-widget elementor-widget-spacer\" data-id=\"41887ad\" data-element_type=\"widget\" data-widget_type=\"spacer.default\">\n\t\t\t\t<div class=\"elementor-widget-container\">\n\t\t\t\t\t<div class=\"elementor-spacer\">\n\t\t\t<div class=\"elementor-spacer-inner\"><\/div>\n\t\t<\/div>\n\t\t\t\t<\/div>\n\t\t\t\t<\/div>\n\t\t\t\t<div class=\"elementor-element elementor-element-74cdcdf elementor-widget elementor-widget-image\" data-id=\"74cdcdf\" data-element_type=\"widget\" data-widget_type=\"image.default\">\n\t\t\t\t<div class=\"elementor-widget-container\">\n\t\t\t\t\t<div class=\"elementor-image\">\n\t\t\t\t\t\t\t\t\t\t<img loading=\"lazy\" decoding=\"async\" width=\"1695\" height=\"760\" src=\"https:\/\/www.mrpresta.com\/wp-content\/uploads\/2024\/02\/Captura-de-pantalla-2024-02-27-133006-2.png\" class=\"attachment-full size-full\" alt=\"\" \/>\t\t\t\t\t\t\t\t\t\t\t<\/div>\n\t\t\t\t<\/div>\n\t\t\t\t<\/div>\n\t\t\t\t<div class=\"elementor-element elementor-element-ec80237 elementor-widget elementor-widget-spacer\" data-id=\"ec80237\" data-element_type=\"widget\" data-widget_type=\"spacer.default\">\n\t\t\t\t<div class=\"elementor-widget-container\">\n\t\t\t\t\t<div class=\"elementor-spacer\">\n\t\t\t<div class=\"elementor-spacer-inner\"><\/div>\n\t\t<\/div>\n\t\t\t\t<\/div>\n\t\t\t\t<\/div>\n\t\t\t\t\t<\/div>\n\t\t<\/div>\n\t\t\t\t\t\t\t<\/div>\n\t\t<\/section>\n\t\t\t\t\t\t<\/div>\n\t\t\t\t\t<\/div>","protected":false},"excerpt":{"rendered":"<p>Conoce nuestra calificaci\u00f3n \u00a0 Esta informaci\u00f3n corresponde \u00fanicamente a MR Presta S.A de C.V., SOFOM, E.N.R. Para conocer la informaci\u00f3n de todo el sector, se podr\u00e1 acceder al sitio http:\/\/www.buro.gob.mx\/. [&#8230;]<\/p>\n<p><a class=\"btn btn-secondary understrap-read-more-link\" href=\"https:\/\/www.mrpresta.com\/en\/calificacion-buro\/\">Read More&#8230;<\/a><\/p>","protected":false},"author":5,"featured_media":0,"parent":0,"menu_order":0,"comment_status":"closed","ping_status":"closed","template":"","meta":{"footnotes":""},"class_list":["post-1453","page","type-page","status-publish","hentry"],"_links":{"self":[{"href":"https:\/\/www.mrpresta.com\/en\/wp-json\/wp\/v2\/pages\/1453","targetHints":{"allow":["GET"]}}],"collection":[{"href":"https:\/\/www.mrpresta.com\/en\/wp-json\/wp\/v2\/pages"}],"about":[{"href":"https:\/\/www.mrpresta.com\/en\/wp-json\/wp\/v2\/types\/page"}],"author":[{"embeddable":true,"href":"https:\/\/www.mrpresta.com\/en\/wp-json\/wp\/v2\/users\/5"}],"replies":[{"embeddable":true,"href":"https:\/\/www.mrpresta.com\/en\/wp-json\/wp\/v2\/comments?post=1453"}],"version-history":[{"count":10,"href":"https:\/\/www.mrpresta.com\/en\/wp-json\/wp\/v2\/pages\/1453\/revisions"}],"predecessor-version":[{"id":1730,"href":"https:\/\/www.mrpresta.com\/en\/wp-json\/wp\/v2\/pages\/1453\/revisions\/1730"}],"wp:attachment":[{"href":"https:\/\/www.mrpresta.com\/en\/wp-json\/wp\/v2\/media?parent=1453"}],"curies":[{"name":"wp","href":"https:\/\/api.w.org\/{rel}","templated":true}]}}