{"id":1658,"date":"2024-02-06T13:28:35","date_gmt":"2024-02-06T19:28:35","guid":{"rendered":"https:\/\/www.mrpresta.com\/?page_id=1658"},"modified":"2024-05-08T11:55:38","modified_gmt":"2024-05-08T16:55:38","slug":"terminos-uso-de-credito-cuenta-corriente","status":"publish","type":"page","link":"https:\/\/www.mrpresta.com\/en\/terminos-uso-de-credito-cuenta-corriente\/","title":{"rendered":""},"content":{"rendered":"<h2>T\u00c9RMINOS Y CONDICIONES PARA EL USO DEL CR\u00c9DITO EN CUENTA CORRIENTE OTORGADO (\u201cMR. PRESTA\u201d)<\/h2>\n<p>\t\tMR. PRESTA S.A. de C.V., SOFOM, E.N.R., (en lo sucesivo \u201cMR. PRESTA\u201d), con domicilio en: Torres IOS Campestre, Ave. Ricardo Margain 575, Parque Corporativo\u00a0Santa Engracia, San Pedro Garza Garc\u00eda, Nuevo Le\u00f3n, M\u00e9xico. C.P. 66267, le da a\u00a0conocer por este medio los T\u00e9rminos y Condiciones aplicables a la utilizaci\u00f3n del\u00a0cr\u00e9dito en cuenta corriente, en adelante (cr\u00e9dito en cuenta corriente adquirido\u00a0con &#8220;MR. PRESTA&#8221;).<br role=\"presentation\" \/>Los presentes T\u00e9rminos y Condiciones tienen un car\u00e1cter obligatorio y vinculante\u00a0para efectos del uso del cr\u00e9dito en cuenta corriente.<br role=\"presentation\" \/><strong>CAP\u00cdTULO I<\/strong> <br role=\"presentation\" \/><strong>Procedimiento para la disposici\u00f3n del cr\u00e9dito en cuenta corriente adquirido <\/strong><br role=\"presentation\" \/><strong>con &#8220;MR. PRESTA&#8221;.<\/strong><br role=\"presentation\" \/><strong>Definici\u00f3n<\/strong><br role=\"presentation\" \/>Se denomina \u201cPr\u00e9stamo\u201d a la cantidad de dinero emitida por \u201cMR. PRESTA\u201d en favor\u00a0de \u201cEL ACREDITADO\u201d de conformidad con el contrato de adhesi\u00f3n de Cr\u00e9dito en\u00a0cuenta corriente, cuya obtenci\u00f3n se realizar\u00e1 de acuerdo con lo siguiente:<br role=\"presentation\" \/><strong>CAP\u00cdTULO II<\/strong> <br role=\"presentation\" \/><strong>Generalidades<\/strong><br role=\"presentation\" \/>Estos T\u00e9rminos y Condiciones generan obligaciones y derechos entre \u201cMR. PRESTA\u201d y \u201cel ACREDITADO\u201d, por lo que, al ingresar una solicitud de pr\u00e9stamo de\u00a0Cr\u00e9dito en cuenta corriente, una vez aprobada y dispersados los recursos en raz\u00f3n\u00a0del medio de disposici\u00f3n elegido, acepta directamente el cumplimiento de las\u00a0obligaciones contra\u00eddas en el Contrato de adhesi\u00f3n suscrito.\u00a0\u00a0\u201cMR. PRESTA\u201d podr\u00e1 requerir el o los pagos faltantes as\u00ed como las comisiones e\u00a0intereses generados de conformidad con lo se\u00f1alado en el Contrato de\u00a0adhesi\u00f3n. Asimismo, en virtud de lo anterior, \u201cel ACREDITADO\u201d tiene la obligaci\u00f3n\u00a0de leer, entender y aceptar todas las condiciones establecidas en los presentes T\u00e9rminos, en el <a href=\"https:\/\/www.mrpresta.com\/en\/aviso-de-privacidad\/\">Aviso de Privacidad<\/a> y en los dem\u00e1s documentos an\u00e1logos que\u00a0impliquen una referencia directa o indirecta a los primeros.<br role=\"presentation\" \/>Los presentes T\u00e9rminos y condiciones se sujetan a lo establecido en los T\u00e9rminos\u00a0y Condiciones Generales de Uso que \u201cMR. PRESTA\u201d pone a su disposici\u00f3n en:\u00a0<a href=\"https:\/\/www.mrpresta.com\/en\/\">https:\/\/www.mrpresta.com\/<\/a>,  salvo que en el presente documento se haga menci\u00f3n\u00a0a una caracter\u00edstica o restricci\u00f3n en espec\u00edfico. En caso de controversia o\u00a0discrepancia entre estos T\u00e9rminos y los T\u00e9rminos y Condiciones Generales de Uso\u00a0de \u201cMR. PRESTA\u201d, los primeros prevalecer\u00e1n.<br role=\"presentation\" \/>A trav\u00e9s de los presentes T\u00e9rminos y Condiciones, \u201cMR. PRESTA\u201d hace de su conocimiento los medios de disposici\u00f3n del cr\u00e9dito  en cuenta corriente y la metodolog\u00eda para dirimir cualquier aclaraci\u00f3n, reclamaci\u00f3n o cancelaci\u00f3n parcial o\u00a0total que directamente derivan de la obligaci\u00f3n contra\u00edda entre ambas partes a\u00a0trav\u00e9s del contrato de adhesi\u00f3n cuyo RECA se encuentra se\u00f1alado en la Car\u00e1tula\u00a0del Contrato, liberando a trav\u00e9s de la aceptaci\u00f3n de los presentes T\u00e9rminos y\u00a0Condiciones a \u201cMR. PRESTA\u201d de cualquier responsabilidad referente de las\u00a0afectaciones que surtir\u00e1n efecto al momento de no seguir las condiciones detalladas\u00a0en este documento. En el mismo tenor, con la aceptaci\u00f3n de estos T\u00e9rminos y\u00a0Condiciones \u201cel ACREDITADO\u201d acepta que MR. PRESTA no es responsable del\u00a0resultado por no seguir lo estipulado anteriores.<br role=\"presentation\" \/><strong>CAP\u00cdTULO III<\/strong> <br role=\"presentation\" \/><strong>Renovaci\u00f3n (Refill).<\/strong><br role=\"presentation\" \/><strong>Definici\u00f3n<\/strong><br role=\"presentation\" \/>Se entender\u00e1 como renovaci\u00f3n, a la oferta recibida por EL ACREDITADO a trav\u00e9s\u00a0de los medios electr\u00f3nicos del ACREDITANTE o de nuestros socios comerciales,\u00a0para que \u00e9ste disponga de una nueva cantidad, actualiz\u00e1ndose de esta manera los\u00a0t\u00e9rminos y condiciones, para lo que EL ACREDITADO deber\u00e1 firmar una nueva\u00a0SOLICTUD DE DISPOSICI\u00d3N, que formar\u00e1 parte integral del presente contrato.  <br role=\"presentation\" \/><br role=\"presentation\" \/><strong>Procedimiento<\/strong> <br role=\"presentation\" \/><br role=\"presentation\" \/>EL ACREDITADO al momento de aceptar una oferta de renovaci\u00f3n (refil), el saldo\u00a0insoluto con el que se encuentre actualmente se tomar\u00e1 en cuenta y \u00e9ste ser\u00e1\u00a0renovado a un nuevo plazo, el cual incluir\u00e1 el c\u00e1lculo de los intereses generados por\u00a0el nuevo periodo ofrecido y aceptado por EL ACREDITADO. <br role=\"presentation\" \/><br role=\"presentation\" \/>EL ACREDITADO acepta que dicha renovaci\u00f3n generar\u00e1 un saldo disponible, por el\u00a0que se realizar\u00e1 un nuevo desembolso, el cual se calcular\u00e1 con la diferencia entre\u00a0la nueva disposici\u00f3n y el saldo pendiente de pago respecto al primer financiamiento. <br role=\"presentation\" \/><br role=\"presentation\" \/><strong>CAP\u00cdTULO IV <\/strong><br role=\"presentation\" \/><strong>Reestructura.<\/strong><br role=\"presentation\" \/><strong>Definici\u00f3n<\/strong><br role=\"presentation\" \/>Se entiende por  Reestructura a la actualizaci\u00f3n del plazo que otorga EL ACREDITANTE a EL ACREDITADO cuando su contrato se encuentra vencido y con\u00a0un saldo pendiente por pagar.<br role=\"presentation\" \/><strong>Procedimiento<\/strong><br role=\"presentation\" \/>El Acreditante se reserva el derecho de otorgar una extensi\u00f3n de plazo v\u00eda un refinanciamiento de forma autom\u00e1tica con un costo financiero mensual no mayor a\u00a0la mitad del descuento establecido en la Car\u00e1tula dividido por el numero plazo en\u00a0meses.<br role=\"presentation\" \/><strong>CAP\u00cdTULO V <\/strong><br role=\"presentation\" \/><strong>Domiciliaci\u00f3n de pagos y Cargos Recurrentes.<\/strong><br role=\"presentation\" \/>EL ACREDITADO autoriza la domiciliaci\u00f3n de pagos y Cargos recurrentes como\u00a0medio para el pago del Cr\u00e9dito, por lo cual deber\u00e1 firmar el formato de solicitud\u00a0correspondiente, a trav\u00e9s del cual se obliga a mantener recursos suficientes en la\u00a0cuenta de dep\u00f3sito bancario que en el mismo se\u00f1ale, con la finalidad de que se\u00a0puedan aplicar los cargos siguientes:\u00a01. Al firmar EL ACREDITADO el formato de solicitud correspondiente\u00a0expresamente instruye y autoriza a EL ACREDITANTE para que le cargue el\u00a0importe de todas las cantidades adeudadas y no pagadas conforme al \u00faltimo\u00a0Estado de Cuenta, en cualesquiera y todas las cuentas de dep\u00f3sito de dinero\u00a0a la vista a cargo del Banco de las cuales sea titular.<br role=\"presentation\" \/>2. EL ACREDITANTE podr\u00e1 llevar a cabo ese cargo en los casos que exista un saldo vencido de m\u00e1s de 90 d\u00edas y se trate de cargos que no hayan sido\u00a0objetados en tiempo por el Titular, cuya aclaraci\u00f3n se encuentre pendiente\u00a0de resolver.<br role=\"presentation\" \/><strong>CAPITULO VI <\/strong><br role=\"presentation\" \/><strong>Aceptaci\u00f3n de medios electr\u00f3nicos de autenticaci\u00f3n<\/strong><br role=\"presentation\" \/>\u201cEL ACREDITADO\u201d autoriza bajo los presentes t\u00e9rminos y condiciones tener acceso\u00a0a los servicios ofrecidos por \u201cMR. PRESTA\u201d mediante medios electr\u00f3nicos tales\u00a0como Biometr\u00eda.<br role=\"presentation\" \/><strong>CAP\u00cdTULO VII <\/strong><br role=\"presentation\" \/><strong>Aclaraciones.<\/strong><br role=\"presentation\" \/>En caso de que \u201cEL ACREDITADO\u201d tuviese aclaraciones o reclamaciones derivadas del Pr\u00e9stamo, deber\u00e1  comunicarse a la Unidad Especializada de Atenci\u00f3n a Usuarios, se\u00f1alada en el apartado III de la Car\u00e1tula del Contrato.<\/p>","protected":false},"excerpt":{"rendered":"<p>T\u00c9RMINOS Y CONDICIONES PARA EL USO DEL CR\u00c9DITO EN CUENTA CORRIENTE OTORGADO (\u201cMR. PRESTA\u201d) MR. PRESTA S.A. de C.V., SOFOM, E.N.R., (en lo sucesivo \u201cMR. PRESTA\u201d), con domicilio en: Torres IOS Campestre, Ave. Ricardo Margain 575, Parque Corporativo\u00a0Santa Engracia, San Pedro Garza Garc\u00eda, Nuevo Le\u00f3n, M\u00e9xico. C.P. 66267, le da a\u00a0conocer por este medio los [&#8230;]<\/p>\n<p><a class=\"btn btn-secondary understrap-read-more-link\" href=\"https:\/\/www.mrpresta.com\/en\/terminos-uso-de-credito-cuenta-corriente\/\">Read More&#8230;<\/a><\/p>","protected":false},"author":5,"featured_media":0,"parent":0,"menu_order":0,"comment_status":"closed","ping_status":"closed","template":"","meta":{"footnotes":""},"class_list":["post-1658","page","type-page","status-publish","hentry"],"_links":{"self":[{"href":"https:\/\/www.mrpresta.com\/en\/wp-json\/wp\/v2\/pages\/1658","targetHints":{"allow":["GET"]}}],"collection":[{"href":"https:\/\/www.mrpresta.com\/en\/wp-json\/wp\/v2\/pages"}],"about":[{"href":"https:\/\/www.mrpresta.com\/en\/wp-json\/wp\/v2\/types\/page"}],"author":[{"embeddable":true,"href":"https:\/\/www.mrpresta.com\/en\/wp-json\/wp\/v2\/users\/5"}],"replies":[{"embeddable":true,"href":"https:\/\/www.mrpresta.com\/en\/wp-json\/wp\/v2\/comments?post=1658"}],"version-history":[{"count":48,"href":"https:\/\/www.mrpresta.com\/en\/wp-json\/wp\/v2\/pages\/1658\/revisions"}],"predecessor-version":[{"id":1765,"href":"https:\/\/www.mrpresta.com\/en\/wp-json\/wp\/v2\/pages\/1658\/revisions\/1765"}],"wp:attachment":[{"href":"https:\/\/www.mrpresta.com\/en\/wp-json\/wp\/v2\/media?parent=1658"}],"curies":[{"name":"wp","href":"https:\/\/api.w.org\/{rel}","templated":true}]}}