{"id":278,"date":"2021-02-24T17:46:39","date_gmt":"2021-02-24T17:46:39","guid":{"rendered":"https:\/\/www.mrpresta.com\/?page_id=278"},"modified":"2022-01-27T21:44:32","modified_gmt":"2022-01-28T03:44:32","slug":"e-commerce","status":"publish","type":"page","link":"https:\/\/www.mrpresta.com\/en\/e-commerce\/","title":{"rendered":"E-commerce"},"content":{"rendered":"<div data-elementor-type=\"wp-page\" data-elementor-id=\"278\" class=\"elementor elementor-278\" data-elementor-settings=\"[]\">\n\t\t\t\t\t\t\t<div class=\"elementor-section-wrap\">\n\t\t\t\t\t\t\t<section class=\"elementor-section elementor-top-section elementor-element elementor-element-4bb1556a elementor-section-height-min-height elementor-section-boxed elementor-section-height-default elementor-section-items-middle\" data-id=\"4bb1556a\" data-element_type=\"section\" id=\"hero-productos\">\n\t\t\t\t\t\t\t<div class=\"elementor-background-overlay\"><\/div>\n\t\t\t\t\t\t\t<div class=\"elementor-container elementor-column-gap-default\">\n\t\t\t\t\t<div class=\"elementor-column elementor-col-50 elementor-top-column elementor-element elementor-element-6626ed4\" data-id=\"6626ed4\" data-element_type=\"column\">\n\t\t\t<div class=\"elementor-widget-wrap elementor-element-populated\">\n\t\t\t\t\t\t\t\t<div class=\"elementor-element elementor-element-22ee08cf elementor-widget elementor-widget-text-editor\" data-id=\"22ee08cf\" data-element_type=\"widget\" data-widget_type=\"text-editor.default\">\n\t\t\t\t<div class=\"elementor-widget-container\">\n\t\t\t\t\t<div class=\"elementor-text-editor elementor-clearfix\"><h1>Cr\u00e9dito Productivo E-Commerce<\/h1><h1><span style=\"font-size: 16px;\">Inventory financing for your e-commerce business<\/span><\/h1><\/div>\n\t\t\t\t<\/div>\n\t\t\t\t<\/div>\n\t\t\t\t<div class=\"elementor-element elementor-element-47ae2d0a elementor-align-left elementor-widget elementor-widget-button\" data-id=\"47ae2d0a\" data-element_type=\"widget\" data-widget_type=\"button.default\">\n\t\t\t\t<div class=\"elementor-widget-container\">\n\t\t\t\t\t<div class=\"elementor-button-wrapper\">\n\t\t\t<a href=\"https:\/\/www.mrpresta.com\/en\/registro\/\" class=\"elementor-button-link elementor-button elementor-size-sm\" role=\"button\">\n\t\t\t\t\t\t<span class=\"elementor-button-content-wrapper\">\n\t\t\t\t\t\t<span class=\"elementor-button-text\">Registration<\/span>\n\t\t<\/span>\n\t\t\t\t\t<\/a>\n\t\t<\/div>\n\t\t\t\t<\/div>\n\t\t\t\t<\/div>\n\t\t\t\t\t<\/div>\n\t\t<\/div>\n\t\t\t\t<div class=\"elementor-column elementor-col-50 elementor-top-column elementor-element elementor-element-7b4f2cd8\" data-id=\"7b4f2cd8\" data-element_type=\"column\">\n\t\t\t<div class=\"elementor-widget-wrap elementor-element-populated\">\n\t\t\t\t\t\t\t\t<div class=\"elementor-element elementor-element-76c55ded elementor-absolute elementor-invisible elementor-widget elementor-widget-image\" data-id=\"76c55ded\" data-element_type=\"widget\" data-settings=\"{&quot;_animation&quot;:&quot;fadeInLeft&quot;,&quot;_position&quot;:&quot;absolute&quot;}\" data-widget_type=\"image.default\">\n\t\t\t\t<div class=\"elementor-widget-container\">\n\t\t\t\t\t<div class=\"elementor-image\">\n\t\t\t\t\t\t\t\t\t\t<img loading=\"lazy\" decoding=\"async\" width=\"89\" height=\"102\" src=\"https:\/\/www.mrpresta.com\/wp-content\/uploads\/2021\/02\/tazul.png\" class=\"attachment-large size-large\" alt=\"\" \/>\t\t\t\t\t\t\t\t\t\t\t<\/div>\n\t\t\t\t<\/div>\n\t\t\t\t<\/div>\n\t\t\t\t<div class=\"elementor-element elementor-element-1d49ff38 elementor-absolute elementor-invisible elementor-widget elementor-widget-image\" data-id=\"1d49ff38\" data-element_type=\"widget\" data-settings=\"{&quot;_animation&quot;:&quot;fadeInRight&quot;,&quot;_position&quot;:&quot;absolute&quot;}\" data-widget_type=\"image.default\">\n\t\t\t\t<div class=\"elementor-widget-container\">\n\t\t\t\t\t<div class=\"elementor-image\">\n\t\t\t\t\t\t\t\t\t\t<img loading=\"lazy\" decoding=\"async\" width=\"197\" height=\"227\" src=\"https:\/\/www.mrpresta.com\/wp-content\/uploads\/2021\/02\/Path-18.png\" class=\"attachment-large size-large\" alt=\"\" \/>\t\t\t\t\t\t\t\t\t\t\t<\/div>\n\t\t\t\t<\/div>\n\t\t\t\t<\/div>\n\t\t\t\t\t<\/div>\n\t\t<\/div>\n\t\t\t\t\t\t\t<\/div>\n\t\t<\/section>\n\t\t\t\t<section class=\"elementor-section elementor-top-section elementor-element elementor-element-1a647c2e beneficios-productos elementor-section-boxed elementor-section-height-default elementor-section-height-default\" data-id=\"1a647c2e\" data-element_type=\"section\" data-settings=\"{&quot;background_background&quot;:&quot;classic&quot;}\">\n\t\t\t\t\t\t\t<div class=\"elementor-background-overlay\"><\/div>\n\t\t\t\t\t\t\t<div class=\"elementor-container elementor-column-gap-default\">\n\t\t\t\t\t<div class=\"elementor-column elementor-col-50 elementor-top-column elementor-element elementor-element-2e5aab61 elementor-invisible\" data-id=\"2e5aab61\" data-element_type=\"column\" data-settings=\"{&quot;animation&quot;:&quot;fadeInLeft&quot;}\">\n\t\t\t<div class=\"elementor-widget-wrap elementor-element-populated\">\n\t\t\t\t\t\t\t\t<div class=\"elementor-element elementor-element-61f72e0b elementor-widget elementor-widget-text-editor\" data-id=\"61f72e0b\" data-element_type=\"widget\" data-widget_type=\"text-editor.default\">\n\t\t\t\t<div class=\"elementor-widget-container\">\n\t\t\t\t\t<div class=\"elementor-text-editor elementor-clearfix\"><ul><li>100% online evaluation.<\/li><li>Monetize the reputation of your online business and seize the benefits. <\/li><li>Payment in installments.<\/li><\/ul><\/div>\n\t\t\t\t<\/div>\n\t\t\t\t<\/div>\n\t\t\t\t\t<\/div>\n\t\t<\/div>\n\t\t\t\t<div class=\"elementor-column elementor-col-50 elementor-top-column elementor-element elementor-element-59f1499a elementor-invisible\" data-id=\"59f1499a\" data-element_type=\"column\" data-settings=\"{&quot;animation&quot;:&quot;fadeInRight&quot;}\">\n\t\t\t<div class=\"elementor-widget-wrap elementor-element-populated\">\n\t\t\t\t\t\t\t\t<div class=\"elementor-element elementor-element-3753b324 elementor-widget elementor-widget-text-editor\" data-id=\"3753b324\" data-element_type=\"widget\" data-widget_type=\"text-editor.default\">\n\t\t\t\t<div class=\"elementor-widget-container\">\n\t\t\t\t\t<div class=\"elementor-text-editor elementor-clearfix\"><ul><li>Transparent, no small print, and effective <\/li><li>We analyze your multiple accounts as a single entity when evaluating your financing. <\/li><\/ul><\/div>\n\t\t\t\t<\/div>\n\t\t\t\t<\/div>\n\t\t\t\t\t<\/div>\n\t\t<\/div>\n\t\t\t\t\t\t\t<\/div>\n\t\t<\/section>\n\t\t\t\t<section class=\"elementor-section elementor-top-section elementor-element elementor-element-745fb1e elementor-section-boxed elementor-section-height-default elementor-section-height-default\" data-id=\"745fb1e\" data-element_type=\"section\" data-settings=\"{&quot;background_background&quot;:&quot;classic&quot;}\">\n\t\t\t\t\t\t<div class=\"elementor-container elementor-column-gap-default\">\n\t\t\t\t\t<div class=\"elementor-column elementor-col-100 elementor-top-column elementor-element elementor-element-71ee74e\" data-id=\"71ee74e\" data-element_type=\"column\">\n\t\t\t<div class=\"elementor-widget-wrap elementor-element-populated\">\n\t\t\t\t\t\t\t\t<div class=\"elementor-element elementor-element-18584e4 elementor-widget elementor-widget-spacer\" data-id=\"18584e4\" data-element_type=\"widget\" data-widget_type=\"spacer.default\">\n\t\t\t\t<div class=\"elementor-widget-container\">\n\t\t\t\t\t<div class=\"elementor-spacer\">\n\t\t\t<div class=\"elementor-spacer-inner\"><\/div>\n\t\t<\/div>\n\t\t\t\t<\/div>\n\t\t\t\t<\/div>\n\t\t\t\t<div class=\"elementor-element elementor-element-d56077d elementor-widget elementor-widget-text-editor\" data-id=\"d56077d\" data-element_type=\"widget\" data-widget_type=\"text-editor.default\">\n\t\t\t\t<div class=\"elementor-widget-container\">\n\t\t\t\t\t<div class=\"elementor-text-editor elementor-clearfix\"><h2>Caracter\u00edsticas<\/h2><div>\u00a0<\/div><\/div>\n\t\t\t\t<\/div>\n\t\t\t\t<\/div>\n\t\t\t\t\t<\/div>\n\t\t<\/div>\n\t\t\t\t\t\t\t<\/div>\n\t\t<\/section>\n\t\t\t\t<section class=\"elementor-section elementor-top-section elementor-element elementor-element-398aec7 elementor-section-boxed elementor-section-height-default elementor-section-height-default\" data-id=\"398aec7\" data-element_type=\"section\" data-settings=\"{&quot;background_background&quot;:&quot;classic&quot;,&quot;animation&quot;:&quot;none&quot;}\">\n\t\t\t\t\t\t<div class=\"elementor-container elementor-column-gap-default\">\n\t\t\t\t\t<div class=\"elementor-column elementor-col-50 elementor-top-column elementor-element elementor-element-73671dc\" data-id=\"73671dc\" data-element_type=\"column\" data-settings=\"{&quot;background_background&quot;:&quot;classic&quot;}\">\n\t\t\t<div class=\"elementor-widget-wrap elementor-element-populated\">\n\t\t\t\t\t\t\t\t<div class=\"elementor-element elementor-element-dc24aeb elementor-widget elementor-widget-text-editor\" data-id=\"dc24aeb\" data-element_type=\"widget\" data-widget_type=\"text-editor.default\">\n\t\t\t\t<div class=\"elementor-widget-container\">\n\t\t\t\t\t<div class=\"elementor-text-editor elementor-clearfix\"><p><strong>Plazo:<\/strong><\/p><p><strong>Monto m\u00ednimo del cr\u00e9dito ($):<\/strong><\/p><p><strong>Periodicidad de pago del cr\u00e9dito:<\/strong><\/p><p><strong>Medios y canales de disposici\u00f3n del cr\u00e9dito:<\/strong><\/p><p><strong>Tasa de inter\u00e9s m\u00e1xima anual (%):<\/strong><\/p><p><strong>Cobertura:<\/strong><\/p><p><strong>Comportamiento del pago del cr\u00e9dito:<\/strong><\/p><p><strong>Tipo tasa de inter\u00e9s:<\/strong><\/p><p><strong>Destino del cr\u00e9dito:<\/strong><\/p><p><strong>Tasa m\u00ednima (%):<\/strong><\/p><p><strong>Comisi\u00f3n de cobranza (antes del<br \/>siguiente corte y despu\u00e9s de la<br \/>fecha l\u00edmite de pago):<\/strong><\/p><p><strong>Comisi\u00f3n de apertura:<\/strong><\/p><\/div>\n\t\t\t\t<\/div>\n\t\t\t\t<\/div>\n\t\t\t\t<div class=\"elementor-element elementor-element-e58a3a0 elementor-widget elementor-widget-spacer\" data-id=\"e58a3a0\" data-element_type=\"widget\" data-widget_type=\"spacer.default\">\n\t\t\t\t<div class=\"elementor-widget-container\">\n\t\t\t\t\t<div class=\"elementor-spacer\">\n\t\t\t<div class=\"elementor-spacer-inner\"><\/div>\n\t\t<\/div>\n\t\t\t\t<\/div>\n\t\t\t\t<\/div>\n\t\t\t\t\t<\/div>\n\t\t<\/div>\n\t\t\t\t<div class=\"elementor-column elementor-col-50 elementor-top-column elementor-element elementor-element-9e9479a\" data-id=\"9e9479a\" data-element_type=\"column\">\n\t\t\t<div class=\"elementor-widget-wrap elementor-element-populated\">\n\t\t\t\t\t\t\t\t<div class=\"elementor-element elementor-element-07940a1 elementor-widget elementor-widget-text-editor\" data-id=\"07940a1\" data-element_type=\"widget\" data-widget_type=\"text-editor.default\">\n\t\t\t\t<div class=\"elementor-widget-container\">\n\t\t\t\t\t<div class=\"elementor-text-editor elementor-clearfix\"><p>De 6 Hasta 12 Meses<\/p>\n<p>$20,000.00<\/p>\n<p>Al Vencimiento<\/p>\n<p>Sistema de Pago Electr\u00f3nicos Interbancarios (SPEI)<\/p>\n<p>40 %<\/p>\n<p>Todos los Estados<\/p>\n<p>Constante<\/p>\n<p>Fija<\/p>\n<p>Libre<\/p>\n<p>24 %<\/p>\n<p>$600<\/p>\n<p><\/p>\n<p>.<\/p><p>0 a 4.5%<\/p>\n<p><\/p><\/div>\n\t\t\t\t<\/div>\n\t\t\t\t<\/div>\n\t\t\t\t\t<\/div>\n\t\t<\/div>\n\t\t\t\t\t\t\t<\/div>\n\t\t<\/section>\n\t\t\t\t<section class=\"elementor-section elementor-top-section elementor-element elementor-element-4323ea8 elementor-section-boxed elementor-section-height-default elementor-section-height-default\" data-id=\"4323ea8\" data-element_type=\"section\" data-settings=\"{&quot;background_background&quot;:&quot;classic&quot;}\">\n\t\t\t\t\t\t<div class=\"elementor-container elementor-column-gap-default\">\n\t\t\t\t\t<div class=\"elementor-column elementor-col-100 elementor-top-column elementor-element elementor-element-7ee0509\" data-id=\"7ee0509\" data-element_type=\"column\">\n\t\t\t<div class=\"elementor-widget-wrap elementor-element-populated\">\n\t\t\t\t\t\t\t\t<div class=\"elementor-element elementor-element-e689727 elementor-widget elementor-widget-spacer\" data-id=\"e689727\" data-element_type=\"widget\" data-widget_type=\"spacer.default\">\n\t\t\t\t<div class=\"elementor-widget-container\">\n\t\t\t\t\t<div class=\"elementor-spacer\">\n\t\t\t<div class=\"elementor-spacer-inner\"><\/div>\n\t\t<\/div>\n\t\t\t\t<\/div>\n\t\t\t\t<\/div>\n\t\t\t\t<div class=\"elementor-element elementor-element-fd541dd elementor-widget elementor-widget-text-editor\" data-id=\"fd541dd\" data-element_type=\"widget\" data-widget_type=\"text-editor.default\">\n\t\t\t\t<div class=\"elementor-widget-container\">\n\t\t\t\t\t<div class=\"elementor-text-editor elementor-clearfix\"><h2>Requirements<\/h2><div>\u00a0<\/div><\/div>\n\t\t\t\t<\/div>\n\t\t\t\t<\/div>\n\t\t\t\t\t<\/div>\n\t\t<\/div>\n\t\t\t\t\t\t\t<\/div>\n\t\t<\/section>\n\t\t\t\t<section class=\"elementor-section elementor-top-section elementor-element elementor-element-1505e9c elementor-section-boxed elementor-section-height-default elementor-section-height-default\" data-id=\"1505e9c\" data-element_type=\"section\" data-settings=\"{&quot;background_background&quot;:&quot;classic&quot;}\">\n\t\t\t\t\t\t<div class=\"elementor-container elementor-column-gap-default\">\n\t\t\t\t\t<div class=\"elementor-column elementor-col-33 elementor-top-column elementor-element elementor-element-4d07066\" data-id=\"4d07066\" data-element_type=\"column\">\n\t\t\t<div class=\"elementor-widget-wrap elementor-element-populated\">\n\t\t\t\t\t\t\t\t<div class=\"elementor-element elementor-element-5d8065f elementor-widget elementor-widget-text-editor\" data-id=\"5d8065f\" data-element_type=\"widget\" data-widget_type=\"text-editor.default\">\n\t\t\t\t<div class=\"elementor-widget-container\">\n\t\t\t\t\t<div class=\"elementor-text-editor elementor-clearfix\"><p><strong>Comprobante de Domicilio:<\/strong><\/p><p><strong>Comprobante de Ingresos:<\/strong><\/p><p><strong>Documentaci\u00f3n complementaria:<\/strong><\/p><p><strong>Antig\u00fcedad Residencial:<\/strong><\/p><p><strong>Ingreso m\u00ednimo mensual ($):<\/strong><\/p><p><strong>Buen historial crediticio:<\/strong><\/p><p><strong>Aval o garant\u00eda prendaria:<\/strong><\/p><p><strong>Tipo de persona:<\/strong><\/p><p><strong>Edad:<\/strong><\/p><p><strong>Antig\u00fcedad laboral:<\/strong><\/p><p><strong>Identificaci\u00f3n Oficial Vigente:<\/strong><\/p><\/div>\n\t\t\t\t<\/div>\n\t\t\t\t<\/div>\n\t\t\t\t\t<\/div>\n\t\t<\/div>\n\t\t\t\t<div class=\"elementor-column elementor-col-33 elementor-top-column elementor-element elementor-element-4ac0b42\" data-id=\"4ac0b42\" data-element_type=\"column\">\n\t\t\t<div class=\"elementor-widget-wrap elementor-element-populated\">\n\t\t\t\t\t\t\t\t<div class=\"elementor-element elementor-element-5e1af16 elementor-widget elementor-widget-text-editor\" data-id=\"5e1af16\" data-element_type=\"widget\" data-widget_type=\"text-editor.default\">\n\t\t\t\t<div class=\"elementor-widget-container\">\n\t\t\t\t\t<div class=\"elementor-text-editor elementor-clearfix\"><p>Gas, luz, tel\u00e9fono<\/p><p>Estado de cuenta<\/p><p>RFC, Acta constitutiva, Alta Hacienda ,CURP ,,<\/p><p>1 Meses<\/p><p>$25,000.00<\/p><p>\u2713<\/p><p>\u2713<\/p><p>Persona Moral, Persona F\u00edsica, Persona F\u00edsica con actividad empresarial<\/p><p>De 18 hasta 80 a\u00f1os<\/p><p>0 meses<\/p><p>Pasaporte, INE<\/p><\/div>\n\t\t\t\t<\/div>\n\t\t\t\t<\/div>\n\t\t\t\t\t<\/div>\n\t\t<\/div>\n\t\t\t\t<div class=\"elementor-column elementor-col-33 elementor-top-column elementor-element elementor-element-df284fb\" data-id=\"df284fb\" data-element_type=\"column\">\n\t\t\t<div class=\"elementor-widget-wrap elementor-element-populated\">\n\t\t\t\t\t\t\t\t<div class=\"elementor-element elementor-element-684a0d5 animated-slow elementor-invisible elementor-widget elementor-widget-image\" data-id=\"684a0d5\" data-element_type=\"widget\" data-settings=\"{&quot;_animation&quot;:&quot;fadeIn&quot;}\" data-widget_type=\"image.default\">\n\t\t\t\t<div class=\"elementor-widget-container\">\n\t\t\t\t\t<div class=\"elementor-image\">\n\t\t\t\t\t\t\t\t\t\t<img loading=\"lazy\" decoding=\"async\" width=\"640\" height=\"680\" src=\"https:\/\/www.mrpresta.com\/wp-content\/uploads\/2021\/02\/fondo-izquierda.jpg\" class=\"attachment-large size-large\" alt=\"\" srcset=\"https:\/\/www.mrpresta.com\/wp-content\/uploads\/2021\/02\/fondo-izquierda.jpg 640w, https:\/\/www.mrpresta.com\/wp-content\/uploads\/2021\/02\/fondo-izquierda-282x300.jpg 282w\" sizes=\"auto, (max-width: 640px) 100vw, 640px\" \/>\t\t\t\t\t\t\t\t\t\t\t<\/div>\n\t\t\t\t<\/div>\n\t\t\t\t<\/div>\n\t\t\t\t\t<\/div>\n\t\t<\/div>\n\t\t\t\t\t\t\t<\/div>\n\t\t<\/section>\n\t\t\t\t<section class=\"elementor-section elementor-top-section elementor-element elementor-element-bab93ca elementor-section-boxed elementor-section-height-default elementor-section-height-default\" data-id=\"bab93ca\" data-element_type=\"section\" data-settings=\"{&quot;background_background&quot;:&quot;classic&quot;}\">\n\t\t\t\t\t\t<div class=\"elementor-container elementor-column-gap-default\">\n\t\t\t\t\t<div class=\"elementor-column elementor-col-100 elementor-top-column elementor-element elementor-element-2d03e23\" data-id=\"2d03e23\" data-element_type=\"column\">\n\t\t\t<div class=\"elementor-widget-wrap elementor-element-populated\">\n\t\t\t\t\t\t\t\t<div class=\"elementor-element elementor-element-c58c6ca elementor-widget elementor-widget-spacer\" data-id=\"c58c6ca\" data-element_type=\"widget\" data-widget_type=\"spacer.default\">\n\t\t\t\t<div class=\"elementor-widget-container\">\n\t\t\t\t\t<div class=\"elementor-spacer\">\n\t\t\t<div class=\"elementor-spacer-inner\"><\/div>\n\t\t<\/div>\n\t\t\t\t<\/div>\n\t\t\t\t<\/div>\n\t\t\t\t\t<\/div>\n\t\t<\/div>\n\t\t\t\t\t\t\t<\/div>\n\t\t<\/section>\n\t\t\t\t<section class=\"elementor-section elementor-top-section elementor-element elementor-element-72b9c040 elementor-section-boxed elementor-section-height-default elementor-section-height-default elementor-invisible\" data-id=\"72b9c040\" data-element_type=\"section\" id=\"requisitos\" data-settings=\"{&quot;background_background&quot;:&quot;classic&quot;,&quot;animation&quot;:&quot;fadeInUp&quot;}\">\n\t\t\t\t\t\t<div class=\"elementor-container elementor-column-gap-default\">\n\t\t\t\t\t<div class=\"elementor-column elementor-col-50 elementor-top-column elementor-element elementor-element-2a1fa980\" data-id=\"2a1fa980\" data-element_type=\"column\">\n\t\t\t<div class=\"elementor-widget-wrap elementor-element-populated\">\n\t\t\t\t\t\t\t\t<section class=\"elementor-section elementor-inner-section elementor-element elementor-element-2b0b9a0 elementor-section-boxed elementor-section-height-default elementor-section-height-default elementor-invisible\" data-id=\"2b0b9a0\" data-element_type=\"section\" data-settings=\"{&quot;animation&quot;:&quot;fadeIn&quot;}\">\n\t\t\t\t\t\t<div class=\"elementor-container elementor-column-gap-default\">\n\t\t\t\t\t<div class=\"elementor-column elementor-col-100 elementor-inner-column elementor-element elementor-element-79bfbb9e\" data-id=\"79bfbb9e\" data-element_type=\"column\">\n\t\t\t<div class=\"elementor-widget-wrap elementor-element-populated\">\n\t\t\t\t\t\t\t\t<div class=\"elementor-element elementor-element-7d1354c6 elementor-widget elementor-widget-image\" data-id=\"7d1354c6\" data-element_type=\"widget\" data-widget_type=\"image.default\">\n\t\t\t\t<div class=\"elementor-widget-container\">\n\t\t\t\t\t<div class=\"elementor-image\">\n\t\t\t\t\t\t\t\t\t\t<img loading=\"lazy\" decoding=\"async\" width=\"160\" height=\"160\" src=\"https:\/\/www.mrpresta.com\/wp-content\/uploads\/2021\/02\/mercadolibre.jpg\" class=\"attachment-large size-large\" alt=\"\" srcset=\"https:\/\/www.mrpresta.com\/wp-content\/uploads\/2021\/02\/mercadolibre.jpg 160w, https:\/\/www.mrpresta.com\/wp-content\/uploads\/2021\/02\/mercadolibre-150x150.jpg 150w\" sizes=\"auto, (max-width: 160px) 100vw, 160px\" \/>\t\t\t\t\t\t\t\t\t\t\t<\/div>\n\t\t\t\t<\/div>\n\t\t\t\t<\/div>\n\t\t\t\t\t<\/div>\n\t\t<\/div>\n\t\t\t\t\t\t\t<\/div>\n\t\t<\/section>\n\t\t\t\t<div class=\"elementor-element elementor-element-c3e788f elementor-widget elementor-widget-heading\" data-id=\"c3e788f\" data-element_type=\"widget\" data-widget_type=\"heading.default\">\n\t\t\t\t<div class=\"elementor-widget-container\">\n\t\t\t<h3 class=\"elementor-heading-title elementor-size-medium\">If you sell through Mercado Libre, request an e-Commerce financing here.<\/h3>\t\t<\/div>\n\t\t\t\t<\/div>\n\t\t\t\t<div class=\"elementor-element elementor-element-c1689e1 elementor-align-center elementor-widget elementor-widget-button\" data-id=\"c1689e1\" data-element_type=\"widget\" data-widget_type=\"button.default\">\n\t\t\t\t<div class=\"elementor-widget-container\">\n\t\t\t\t\t<div class=\"elementor-button-wrapper\">\n\t\t\t<a href=\"https:\/\/www.mrpresta.com\/en\/registro\/\" class=\"elementor-button-link elementor-button elementor-size-sm\" role=\"button\">\n\t\t\t\t\t\t<span class=\"elementor-button-content-wrapper\">\n\t\t\t\t\t\t<span class=\"elementor-button-text\">Registration<\/span>\n\t\t<\/span>\n\t\t\t\t\t<\/a>\n\t\t<\/div>\n\t\t\t\t<\/div>\n\t\t\t\t<\/div>\n\t\t\t\t<div class=\"elementor-element elementor-element-7be72a34 elementor-widget elementor-widget-text-editor\" data-id=\"7be72a34\" data-element_type=\"widget\" data-widget_type=\"text-editor.default\">\n\t\t\t\t<div class=\"elementor-widget-container\">\n\t\t\t\t\t<div class=\"elementor-text-editor elementor-clearfix\"><\/div>\n\t\t\t\t<\/div>\n\t\t\t\t<\/div>\n\t\t\t\t\t<\/div>\n\t\t<\/div>\n\t\t\t\t<div class=\"elementor-column elementor-col-50 elementor-top-column elementor-element elementor-element-12d62472\" data-id=\"12d62472\" data-element_type=\"column\">\n\t\t\t<div class=\"elementor-widget-wrap\">\n\t\t\t\t\t\t\t\t\t<\/div>\n\t\t<\/div>\n\t\t\t\t\t\t\t<\/div>\n\t\t<\/section>\n\t\t\t\t\t\t<\/div>\n\t\t\t\t\t<\/div>","protected":false},"excerpt":{"rendered":"<p>Cr\u00e9dito Productivo E-Commerce Financia inventario para tu negocio en l\u00ednea Registro Evaluaci\u00f3n 100% en l\u00ednea. Monetiza la reputaci\u00f3n de tu negocio en l\u00ednea y aprovecha los beneficios. Pago en cuotas. Trato y servicio 100% transparente. Consideramos todas tus cuentas en conjunto al momento de evaluar tu cr\u00e9dito. Caracter\u00edsticas \u00a0 Plazo: Monto m\u00ednimo del cr\u00e9dito ($): [&#8230;]<\/p>\n<p><a class=\"btn btn-secondary understrap-read-more-link\" href=\"https:\/\/www.mrpresta.com\/en\/e-commerce\/\">Read More&#8230;<\/a><\/p>","protected":false},"author":1,"featured_media":0,"parent":0,"menu_order":0,"comment_status":"closed","ping_status":"closed","template":"elementor_header_footer","meta":{"footnotes":""},"class_list":["post-278","page","type-page","status-publish","hentry"],"_links":{"self":[{"href":"https:\/\/www.mrpresta.com\/en\/wp-json\/wp\/v2\/pages\/278","targetHints":{"allow":["GET"]}}],"collection":[{"href":"https:\/\/www.mrpresta.com\/en\/wp-json\/wp\/v2\/pages"}],"about":[{"href":"https:\/\/www.mrpresta.com\/en\/wp-json\/wp\/v2\/types\/page"}],"author":[{"embeddable":true,"href":"https:\/\/www.mrpresta.com\/en\/wp-json\/wp\/v2\/users\/1"}],"replies":[{"embeddable":true,"href":"https:\/\/www.mrpresta.com\/en\/wp-json\/wp\/v2\/comments?post=278"}],"version-history":[{"count":46,"href":"https:\/\/www.mrpresta.com\/en\/wp-json\/wp\/v2\/pages\/278\/revisions"}],"predecessor-version":[{"id":1479,"href":"https:\/\/www.mrpresta.com\/en\/wp-json\/wp\/v2\/pages\/278\/revisions\/1479"}],"wp:attachment":[{"href":"https:\/\/www.mrpresta.com\/en\/wp-json\/wp\/v2\/media?parent=278"}],"curies":[{"name":"wp","href":"https:\/\/api.w.org\/{rel}","templated":true}]}}