{"id":347,"date":"2021-02-24T18:25:03","date_gmt":"2021-02-24T18:25:03","guid":{"rendered":"https:\/\/www.mrpresta.com\/?page_id=347"},"modified":"2024-02-27T13:18:10","modified_gmt":"2024-02-27T19:18:10","slug":"buro-de-entidades","status":"publish","type":"page","link":"https:\/\/www.mrpresta.com\/en\/buro-de-entidades\/","title":{"rendered":"Bureau of entities"},"content":{"rendered":"<div data-elementor-type=\"wp-page\" data-elementor-id=\"347\" class=\"elementor elementor-347\" data-elementor-settings=\"[]\">\n\t\t\t\t\t\t\t<div class=\"elementor-section-wrap\">\n\t\t\t\t\t\t\t<section class=\"elementor-section elementor-top-section elementor-element elementor-element-164c735 elementor-section-boxed elementor-section-height-default elementor-section-height-default\" data-id=\"164c735\" data-element_type=\"section\" data-settings=\"{&quot;background_background&quot;:&quot;classic&quot;}\">\n\t\t\t\t\t\t<div class=\"elementor-container elementor-column-gap-default\">\n\t\t\t\t\t<div class=\"elementor-column elementor-col-50 elementor-top-column elementor-element elementor-element-e216085\" data-id=\"e216085\" data-element_type=\"column\">\n\t\t\t<div class=\"elementor-widget-wrap elementor-element-populated\">\n\t\t\t\t\t\t\t\t<div class=\"elementor-element elementor-element-963a703 elementor-widget elementor-widget-text-editor\" data-id=\"963a703\" data-element_type=\"widget\" data-widget_type=\"text-editor.default\">\n\t\t\t\t<div class=\"elementor-widget-container\">\n\t\t\t\t\t<div class=\"elementor-text-editor elementor-clearfix\"><h2>Bureau of entities<\/h2><div>\u00a0<\/div><p>It is a consultation tool with which you will be able to know the products offered by financial institutions, their commissions and fees, the claims of users, the unhealthy practices they incur, the administrative sanctions that have been imposed on them, the abusive clauses of their contracts and other information that is relevant to inform you about their performance.<\/p><p>With the Bureau of Financial Institutions, it will be possible to know who is who in banks, insurance, multiple-purpose financial companies, savings banks, afores, among other entities.<\/p><p>Con ello, podr\u00e1s comparar y evaluar a las entidades financieras, sus productos y servicios y tendr\u00e1s mayores elementos para elegir lo que m\u00e1s te convenga.<\/p><p>Esta informaci\u00f3n te ser\u00e1 \u00fatil para elegir un producto financiero y tambi\u00e9n para conocer y usar mejor los que ya tienes.<\/p><p>Este Bur\u00f3 de Entidades Financieras, es una herramienta que puede contribuir al crecimiento econ\u00f3mico del pa\u00eds, al promover la competencia entre las instituciones financieras; que impulsar\u00e1 la transparencia al revelar informaci\u00f3n a los usuarios sobre el desempe\u00f1o de \u00e9stas y los productos que ofrecen y que va a facilitar un manejo responsable de los productos y servicios financieros al conocer a detalle sus caracter\u00edsticas.<\/p><p>Lo anterior, podr\u00e1 derivar en un mayor bienestar social, porque al conjuntar en un solo espacio tan diversa informaci\u00f3n del sistema financiero, el usuario tendr\u00e1 m\u00e1s elementos para optimizar su presupuesto, para mejorar sus finanzas personales, para utilizar correctamente los cr\u00e9ditos que fortalecer\u00e1n su econom\u00eda y obtener los seguros que la protejan, entre otros aspectos<\/p><p>The Financial Entities Bureau contains information on MR Presta S.A. de C.V. SOFOM E.N.R., on our performance towards our users for the provision of products and services.<\/p><p>Te invitamos a consultarlo en la p\u00e1gina<a href=\"http:\/\/www.buro.gob.mx\"> http:\/\/www.buro.gob.mx<\/a> o nuestra p\u00e1gina de internet <a href=\"https:\/\/www.mrpresta.com\/en\/calificacion-buro\/\">https:\/\/www.mrpresta.com\/calificacion-buro\/<\/a>.<\/p><\/div>\n\t\t\t\t<\/div>\n\t\t\t\t<\/div>\n\t\t\t\t\t<\/div>\n\t\t<\/div>\n\t\t\t\t<div class=\"elementor-column elementor-col-50 elementor-top-column elementor-element elementor-element-dc4e949\" data-id=\"dc4e949\" data-element_type=\"column\">\n\t\t\t<div class=\"elementor-widget-wrap elementor-element-populated\">\n\t\t\t\t\t\t\t\t<div class=\"elementor-element elementor-element-3f7d60d elementor-widget elementor-widget-image\" data-id=\"3f7d60d\" data-element_type=\"widget\" data-widget_type=\"image.default\">\n\t\t\t\t<div class=\"elementor-widget-container\">\n\t\t\t\t\t<div class=\"elementor-image\">\n\t\t\t\t\t\t\t\t\t\t\t<a href=\"https:\/\/www.buro.gob.mx\/\" target=\"_blank\">\n\t\t\t\t\t\t\t<img loading=\"lazy\" decoding=\"async\" width=\"480\" height=\"368\" src=\"https:\/\/www.mrpresta.com\/wp-content\/uploads\/2021\/02\/logo_buro_480.png\" class=\"attachment-large size-large\" alt=\"\" srcset=\"https:\/\/www.mrpresta.com\/wp-content\/uploads\/2021\/02\/logo_buro_480.png 480w, https:\/\/www.mrpresta.com\/wp-content\/uploads\/2021\/02\/logo_buro_480-300x230.png 300w\" sizes=\"auto, (max-width: 480px) 100vw, 480px\" \/>\t\t\t\t\t\t\t\t<\/a>\n\t\t\t\t\t\t\t\t\t\t\t<\/div>\n\t\t\t\t<\/div>\n\t\t\t\t<\/div>\n\t\t\t\t\t<\/div>\n\t\t<\/div>\n\t\t\t\t\t\t\t<\/div>\n\t\t<\/section>\n\t\t\t\t\t\t<\/div>\n\t\t\t\t\t<\/div>","protected":false},"excerpt":{"rendered":"<p>Bur\u00f3 de entidades \u00a0 Es una herramienta de consulta y difusi\u00f3n con la que podr\u00e1s conocer los productos que ofrecen las entidades financieras, sus comisiones y tasas, las reclamaciones de los usuarios, las pr\u00e1cticas no sanas en que incurren, las sanciones administrativas que les han impuesto, las cl\u00e1usulas abusivas de sus contratos y otra informaci\u00f3n [&#8230;]<\/p>\n<p><a class=\"btn btn-secondary understrap-read-more-link\" href=\"https:\/\/www.mrpresta.com\/en\/buro-de-entidades\/\">Read More&#8230;<\/a><\/p>","protected":false},"author":1,"featured_media":0,"parent":0,"menu_order":0,"comment_status":"closed","ping_status":"closed","template":"elementor_header_footer","meta":{"footnotes":""},"class_list":["post-347","page","type-page","status-publish","hentry"],"_links":{"self":[{"href":"https:\/\/www.mrpresta.com\/en\/wp-json\/wp\/v2\/pages\/347","targetHints":{"allow":["GET"]}}],"collection":[{"href":"https:\/\/www.mrpresta.com\/en\/wp-json\/wp\/v2\/pages"}],"about":[{"href":"https:\/\/www.mrpresta.com\/en\/wp-json\/wp\/v2\/types\/page"}],"author":[{"embeddable":true,"href":"https:\/\/www.mrpresta.com\/en\/wp-json\/wp\/v2\/users\/1"}],"replies":[{"embeddable":true,"href":"https:\/\/www.mrpresta.com\/en\/wp-json\/wp\/v2\/comments?post=347"}],"version-history":[{"count":10,"href":"https:\/\/www.mrpresta.com\/en\/wp-json\/wp\/v2\/pages\/347\/revisions"}],"predecessor-version":[{"id":1721,"href":"https:\/\/www.mrpresta.com\/en\/wp-json\/wp\/v2\/pages\/347\/revisions\/1721"}],"wp:attachment":[{"href":"https:\/\/www.mrpresta.com\/en\/wp-json\/wp\/v2\/media?parent=347"}],"curies":[{"name":"wp","href":"https:\/\/api.w.org\/{rel}","templated":true}]}}